{"id":736,"date":"2025-07-14T12:34:10","date_gmt":"2025-07-14T12:34:10","guid":{"rendered":"https:\/\/blaues-kreuz-pfalz.de\/?page_id=736"},"modified":"2025-07-14T12:34:11","modified_gmt":"2025-07-14T12:34:11","slug":"rheinland-pfalz-tag-2025-neues-konzept","status":"publish","type":"page","link":"https:\/\/blaues-kreuz-pfalz.de\/?page_id=736","title":{"rendered":"Rheinland-Pfalz-Tag 2025 &#8211; neues Konzept"},"content":{"rendered":"\n<figure class=\"wp-block-image size-large\"><img loading=\"lazy\" decoding=\"async\" width=\"1024\" height=\"577\" src=\"https:\/\/blaues-kreuz-pfalz.de\/wp-content\/uploads\/2025\/07\/20250525_123101-1024x577.jpg\" alt=\"\" class=\"wp-image-737\" srcset=\"https:\/\/blaues-kreuz-pfalz.de\/wp-content\/uploads\/2025\/07\/20250525_123101-1024x577.jpg 1024w, https:\/\/blaues-kreuz-pfalz.de\/wp-content\/uploads\/2025\/07\/20250525_123101-300x169.jpg 300w, https:\/\/blaues-kreuz-pfalz.de\/wp-content\/uploads\/2025\/07\/20250525_123101-768x432.jpg 768w, https:\/\/blaues-kreuz-pfalz.de\/wp-content\/uploads\/2025\/07\/20250525_123101-1536x865.jpg 1536w, https:\/\/blaues-kreuz-pfalz.de\/wp-content\/uploads\/2025\/07\/20250525_123101-2048x1153.jpg 2048w\" sizes=\"auto, (max-width: 1024px) 100vw, 1024px\" \/><\/figure>\n\n\n\n<p><strong>&nbsp;23. \u2013 25. Mai 2025 in Neustadt mit neuem Konzept<\/strong><\/p>\n\n\n\n<p>Nachdem von der Staatskanzlei 2023 \u00fcberraschend verk\u00fcndet wurde, da\u00df der Rheinland \u2013 Pfalz Tag in Zukunft nur noch alle zwei Jahre und unter neuem Konzept stattfinden wird, waren alle Beteiligte gespannt auf die Ver\u00e4nderungen. Die altbekannte&nbsp;<strong>Selbsthilfemeile&nbsp;<\/strong>fand man dieses Jahr unter dem Motto \u201eRheinland-Pfalz Sozial\u201c. Auch das \u00e4u\u00dfere Erscheinungsbild war bedeutend anschaulicher als fr\u00fcher. Anstelle der kleinen Pavillons hat man gro\u00dfe runde Zelte aufgestellt, in denen sich die verschiedenen Selbsthilfegruppen n\u00e4her zusammenger\u00fcckt pr\u00e4sentierten. Verantwortlich f\u00fcr die Organisation in unserem Themenbereich war wie Immer KISS Mainz unter der Leitung von Frau Gil Hollweck und ihrem Team, unterst\u00fctzt von KISS Edesheim. Hier mal ein herzliches Dankesch\u00f6n an alle Beteiligten. Regale, Tische, St\u00fchle und mit Logo versehene R\u00fcckw\u00e4nde standen am Freitagvormittag bereit und wir konnten unseren Info-Stand mit den von unserem Bundesverband frisch gelieferten Werbematerialien best\u00fccken. Mit meiner Frau Ute und Susann Hippa gingen wir dann am Nachmittag an den Start. Das Landesfest in Neustadt hatte den Vorteil, dass fast der gesamte Landesvorstand (mit Ausnahme der Urlauber) ohne weit fahren zu m\u00fcssen ihre Unterst\u00fctzung zusagen konnten. Am Samstag standen uns Arnold und Thorsten zur Seite, am Sonntag waren Andreas, Martin und Elke sowie J\u00f6rg mit Ehefrau Petra im Einsatz. Durch die Neugestaltung der Pr\u00e4sentationsfl\u00e4che kam es \u00fcber die drei Tage dann auch zu einem besseren Austausch mit den Besuchern und den Vertretern der einzelnen Selbsthilfegruppen. Nat\u00fcrlich statteten uns wie jedes Jahr auch die Vertreter der Politik ihren Besuch ab. Allen voran unser Ministerpr\u00e4sident Alexander Schweizer und der Neustadter Oberb\u00fcrgermeister Mark Weigel, mit dem wir in ein nettes Gespr\u00e4ch \u00fcber das Blaue Kreuz kamen. Am Rande kam es noch zu einer Unterhaltung zwischen mir und einem Mitarbeiter der Tageszeitung, der dann einen nach unserer Meinung sehr guten Artikel \u00fcber unsere Arbeit im Lokalteil Neustadt ver\u00f6ffentlichte. Alles in allem war es wieder ein sehr angenehmer Rheinland -Pfalz Tag bei dem wir unser Blaues Kreuz gut Pr\u00e4sentieren konnten, mit angenehmen Besuchern und Gespr\u00e4chen.<\/p>\n\n\n\n<p>Rainer Hehl<strong><\/strong><\/p>\n\n\n\n<figure class=\"wp-block-image size-large\"><img loading=\"lazy\" decoding=\"async\" width=\"1024\" height=\"461\" src=\"https:\/\/blaues-kreuz-pfalz.de\/wp-content\/uploads\/2025\/07\/IMG-20250523-WA0001-1024x461.jpg\" alt=\"\" class=\"wp-image-738\" srcset=\"https:\/\/blaues-kreuz-pfalz.de\/wp-content\/uploads\/2025\/07\/IMG-20250523-WA0001-1024x461.jpg 1024w, https:\/\/blaues-kreuz-pfalz.de\/wp-content\/uploads\/2025\/07\/IMG-20250523-WA0001-300x135.jpg 300w, https:\/\/blaues-kreuz-pfalz.de\/wp-content\/uploads\/2025\/07\/IMG-20250523-WA0001-768x346.jpg 768w, https:\/\/blaues-kreuz-pfalz.de\/wp-content\/uploads\/2025\/07\/IMG-20250523-WA0001-1536x691.jpg 1536w, https:\/\/blaues-kreuz-pfalz.de\/wp-content\/uploads\/2025\/07\/IMG-20250523-WA0001.jpg 1600w\" sizes=\"auto, (max-width: 1024px) 100vw, 1024px\" \/><\/figure>\n","protected":false},"excerpt":{"rendered":"<p>&nbsp;23. \u2013 25. Mai 2025 in Neustadt mit neuem Konzept Nachdem von der Staatskanzlei 2023 \u00fcberraschend verk\u00fcndet wurde, da\u00df der Rheinland \u2013 Pfalz Tag in Zukunft nur noch alle zwei Jahre und unter neuem Konzept stattfinden wird, waren alle Beteiligte gespannt auf die Ver\u00e4nderungen. Die altbekannte&nbsp;Selbsthilfemeile&nbsp;fand man dieses Jahr unter dem Motto \u201eRheinland-Pfalz Sozial\u201c. Auch [&hellip;]<\/p>\n","protected":false},"author":1,"featured_media":737,"parent":0,"menu_order":0,"comment_status":"closed","ping_status":"closed","template":"","meta":{"footnotes":""},"class_list":["post-736","page","type-page","status-publish","has-post-thumbnail","hentry","post","post-with-thumbnail","post-with-thumbnail-large"],"_links":{"self":[{"href":"https:\/\/blaues-kreuz-pfalz.de\/index.php?rest_route=\/wp\/v2\/pages\/736","targetHints":{"allow":["GET"]}}],"collection":[{"href":"https:\/\/blaues-kreuz-pfalz.de\/index.php?rest_route=\/wp\/v2\/pages"}],"about":[{"href":"https:\/\/blaues-kreuz-pfalz.de\/index.php?rest_route=\/wp\/v2\/types\/page"}],"author":[{"embeddable":true,"href":"https:\/\/blaues-kreuz-pfalz.de\/index.php?rest_route=\/wp\/v2\/users\/1"}],"replies":[{"embeddable":true,"href":"https:\/\/blaues-kreuz-pfalz.de\/index.php?rest_route=%2Fwp%2Fv2%2Fcomments&post=736"}],"version-history":[{"count":1,"href":"https:\/\/blaues-kreuz-pfalz.de\/index.php?rest_route=\/wp\/v2\/pages\/736\/revisions"}],"predecessor-version":[{"id":739,"href":"https:\/\/blaues-kreuz-pfalz.de\/index.php?rest_route=\/wp\/v2\/pages\/736\/revisions\/739"}],"wp:featuredmedia":[{"embeddable":true,"href":"https:\/\/blaues-kreuz-pfalz.de\/index.php?rest_route=\/wp\/v2\/media\/737"}],"wp:attachment":[{"href":"https:\/\/blaues-kreuz-pfalz.de\/index.php?rest_route=%2Fwp%2Fv2%2Fmedia&parent=736"}],"curies":[{"name":"wp","href":"https:\/\/api.w.org\/{rel}","templated":true}]}}