{"id":731,"date":"2025-05-30T05:40:48","date_gmt":"2025-05-30T05:40:48","guid":{"rendered":"https:\/\/blaues-kreuz-pfalz.de\/?page_id=731"},"modified":"2025-05-30T05:41:40","modified_gmt":"2025-05-30T05:41:40","slug":"bericht-kreativfreizeit","status":"publish","type":"page","link":"https:\/\/blaues-kreuz-pfalz.de\/?page_id=731","title":{"rendered":"Bericht Kreativfreizeit"},"content":{"rendered":"\n<figure class=\"wp-block-image size-large\"><img loading=\"lazy\" decoding=\"async\" width=\"1024\" height=\"768\" src=\"https:\/\/blaues-kreuz-pfalz.de\/wp-content\/uploads\/2025\/05\/Bild-Kreativ-WE-2025-1024x768.jpg\" alt=\"\" class=\"wp-image-732\" srcset=\"https:\/\/blaues-kreuz-pfalz.de\/wp-content\/uploads\/2025\/05\/Bild-Kreativ-WE-2025-1024x768.jpg 1024w, https:\/\/blaues-kreuz-pfalz.de\/wp-content\/uploads\/2025\/05\/Bild-Kreativ-WE-2025-300x225.jpg 300w, https:\/\/blaues-kreuz-pfalz.de\/wp-content\/uploads\/2025\/05\/Bild-Kreativ-WE-2025-768x576.jpg 768w, https:\/\/blaues-kreuz-pfalz.de\/wp-content\/uploads\/2025\/05\/Bild-Kreativ-WE-2025-1536x1152.jpg 1536w, https:\/\/blaues-kreuz-pfalz.de\/wp-content\/uploads\/2025\/05\/Bild-Kreativ-WE-2025-2048x1536.jpg 2048w\" sizes=\"auto, (max-width: 1024px) 100vw, 1024px\" \/><\/figure>\n\n\n\n<p>Kreativ-Wochenendbegegnung am 17.\/18.05.2025 im Butenschoen-Haus, Landau.<\/p>\n\n\n\n<p class=\"has-text-align-center has-large-font-size\"><strong>Thema: Beziehungsgeflecht<\/strong><\/p>\n\n\n\n<p>Da ich schon immer gerne an solchen Veranstaltungen teilgenommen habe, war ich auch diesmal wieder mit von der Partie. Und habe es nicht bereut. Denn gut war\u00b4s! Sehr gut!<\/p>\n\n\n\n<p>Aber der Reihe nach. Wir trafen uns hierzu wie immer samstagnachmittags und nach einem ersten Kennenlernen gab es gleich zwecks St\u00e4rkung Kaffee und Kuchen. Danach zogen wir ins Plenum, wo wir uns gegenseitig vorstellten und uns die Leiter der Begegnung, Dagmar Fuchs, Ute Wingerter und Andreas Seeger mit dem Wochenendthema vertraut machten.<\/p>\n\n\n\n<p>Mit verschiedenen Arbeitsbl\u00e4ttern ausger\u00fcstet, machten wir uns anschlie\u00dfend in die Kleingruppen auf. Die einzelnen Aufgabenstellungen waren (Auszug):<\/p>\n\n\n\n<p>1.)&nbsp;<em><u>Meine Beziehung zu mir:<\/u><\/em>&nbsp;<em>Wie kann ich eine gute Beziehung zu mir selbst aufbauen? Kenne ich meine eigenen Bed\u00fcrfnisse, Grenzen, St\u00e4rken und Schw\u00e4chen?<\/em><\/p>\n\n\n\n<p>2.)&nbsp;<em><u>Zwischenmenschliche Beziehungen:<\/u>&nbsp;Welche Auswirkungen hatte mein Suchtmittel auf meine Beziehungen? Kann ich mich in die Gef\u00fchle und Perspektiven anderer hineinversetzen?<\/em><\/p>\n\n\n\n<p><em>3.)&nbsp;<u>Kommunikation in der Beziehung:<\/u>&nbsp;Was bedeutet konstruktive Kommunikation f\u00fcr mich? Welche Voraussetzungen sind wesentlich f\u00fcr eine konstruktive Kommunikation.<\/em><\/p>\n\n\n\n<p>Ausgezeichnete Grundlagen f\u00fcr wertvolle Gruppengespr\u00e4che. Die ersten beiden Punkte arbeiteten wir noch am gleichen Tag ab, den dritten am Sonntag Vormittag nach dem Fr\u00fchst\u00fcck.<\/p>\n\n\n\n<p>Viel zu schnell war dann schon wieder Abschlussplenum und nach einem guten Mittagessen mussten wir uns bereits wieder voneinander verabschieden. Wer es gerne etwas l\u00e4nger mag, dem empfehle ich die Kurzfreizeit, die \u00fcber insgesamt vier Tage geht. Aber egal wie lange solche Veranstaltungen dauern, sie sind immer erlebenswert. Und das Sch\u00f6ne dabei ist, dass von Anfang an eine vertrauensvolle Basis herrscht, die es erm\u00f6glicht, sofort in tiefergehende Gespr\u00e4che einzusteigen.<\/p>\n\n\n\n<p>Vielen Dank an Dagmar, Ute und Andreas f\u00fcr die Leitung der Begegnung und die viele Arbeit, die ihr da reingesteckt habt. Ihr wart wieder super! Danke auch an das Team des Butenschoenhauses.<\/p>\n\n\n\n<p>Seid gut zu euch!<\/p>\n\n\n\n<p>Werner CARL<\/p>\n\n\n\n<p>Blaues-Kreuz Landau<\/p>\n","protected":false},"excerpt":{"rendered":"<p>Kreativ-Wochenendbegegnung am 17.\/18.05.2025 im Butenschoen-Haus, Landau. Thema: Beziehungsgeflecht Da ich schon immer gerne an solchen Veranstaltungen teilgenommen habe, war ich auch diesmal wieder mit von der Partie. Und habe es nicht bereut. Denn gut war\u00b4s! Sehr gut! Aber der Reihe nach. Wir trafen uns hierzu wie immer samstagnachmittags und nach einem ersten Kennenlernen gab es [&hellip;]<\/p>\n","protected":false},"author":1,"featured_media":732,"parent":0,"menu_order":0,"comment_status":"closed","ping_status":"closed","template":"","meta":{"footnotes":""},"class_list":["post-731","page","type-page","status-publish","has-post-thumbnail","hentry","post","post-with-thumbnail","post-with-thumbnail-large"],"_links":{"self":[{"href":"https:\/\/blaues-kreuz-pfalz.de\/index.php?rest_route=\/wp\/v2\/pages\/731","targetHints":{"allow":["GET"]}}],"collection":[{"href":"https:\/\/blaues-kreuz-pfalz.de\/index.php?rest_route=\/wp\/v2\/pages"}],"about":[{"href":"https:\/\/blaues-kreuz-pfalz.de\/index.php?rest_route=\/wp\/v2\/types\/page"}],"author":[{"embeddable":true,"href":"https:\/\/blaues-kreuz-pfalz.de\/index.php?rest_route=\/wp\/v2\/users\/1"}],"replies":[{"embeddable":true,"href":"https:\/\/blaues-kreuz-pfalz.de\/index.php?rest_route=%2Fwp%2Fv2%2Fcomments&post=731"}],"version-history":[{"count":2,"href":"https:\/\/blaues-kreuz-pfalz.de\/index.php?rest_route=\/wp\/v2\/pages\/731\/revisions"}],"predecessor-version":[{"id":734,"href":"https:\/\/blaues-kreuz-pfalz.de\/index.php?rest_route=\/wp\/v2\/pages\/731\/revisions\/734"}],"wp:featuredmedia":[{"embeddable":true,"href":"https:\/\/blaues-kreuz-pfalz.de\/index.php?rest_route=\/wp\/v2\/media\/732"}],"wp:attachment":[{"href":"https:\/\/blaues-kreuz-pfalz.de\/index.php?rest_route=%2Fwp%2Fv2%2Fmedia&parent=731"}],"curies":[{"name":"wp","href":"https:\/\/api.w.org\/{rel}","templated":true}]}}