{"id":71,"date":"2024-01-17T10:32:01","date_gmt":"2024-01-17T10:32:01","guid":{"rendered":"https:\/\/blaues-kreuz-pfalz.de\/?page_id=71"},"modified":"2025-12-21T17:44:03","modified_gmt":"2025-12-21T17:44:03","slug":"vorstand","status":"publish","type":"page","link":"https:\/\/blaues-kreuz-pfalz.de\/?page_id=71","title":{"rendered":"Vorstand"},"content":{"rendered":"\n<p><strong><mark style=\"background-color:rgba(0, 0, 0, 0);color:#003cbe\" class=\"has-inline-color\">Landesverband Pfalz e.V.<\/mark><\/strong><\/p>\n\n\n\n<p><strong>1. Vorsitzender<\/strong><br>Martin Engelbert <a href=\"mailto:info@blaues-kreuz-pfalz.de\"><\/a>     <a href=\"mailto:info@blaues-kreuz-pfalz.de\"><strong>info@blaues-kreuz-pfalz.de<\/strong><\/a><\/p>\n\n\n\n<p><strong>stellvertretende Vorsitzende:\u00a0\u00a0<\/strong> <br>Rainer Hehl<\/p>\n\n\n\n<p><strong>Kassenf\u00fchrerin<\/strong><br>Sabine Reinshagen<\/p>\n\n\n\n<p><strong>Schriftf\u00fchrer<\/strong><br>Thorsten Berninger<\/p>\n\n\n\n<p><strong>Beisitzer<\/strong><br>Nicolle Schwarzw\u00e4lder, Andreas Seeger, J\u00f6rg Z\u00fcchel<\/p>\n\n\n\n<p><strong>Gesch\u00e4ftsf\u00fchrung<\/strong><br>Anette Schilling&nbsp;<\/p>\n\n\n\n<p>Karmeliterstra\u00dfe 20<br>67346 Speyer<br>Telefon: 06232 664-254 od. 0176 1166 4254&nbsp;<br>Fax: 06232 664-142&nbsp;<\/p>\n\n\n\n<p>E-mail: <a href=\"mailto:Anette.Schilling@diakonie-pfalz.de\" target=\"_blank\" rel=\"noreferrer noopener\">Anette.Schilling@diakonie-pfalz.de &nbsp;&nbsp;<\/a><\/p>\n","protected":false},"excerpt":{"rendered":"<p>Landesverband Pfalz e.V. 1. VorsitzenderMartin Engelbert info@blaues-kreuz-pfalz.de stellvertretende Vorsitzende:\u00a0\u00a0 Rainer Hehl Kassenf\u00fchrerinSabine Reinshagen Schriftf\u00fchrerThorsten Berninger BeisitzerNicolle Schwarzw\u00e4lder, Andreas Seeger, J\u00f6rg Z\u00fcchel Gesch\u00e4ftsf\u00fchrungAnette Schilling&nbsp; Karmeliterstra\u00dfe 2067346 SpeyerTelefon: 06232 664-254 od. 0176 1166 4254&nbsp;Fax: 06232 664-142&nbsp; E-mail: Anette.Schilling@diakonie-pfalz.de &nbsp;&nbsp;<\/p>\n","protected":false},"author":1,"featured_media":0,"parent":0,"menu_order":0,"comment_status":"closed","ping_status":"closed","template":"","meta":{"footnotes":""},"class_list":["post-71","page","type-page","status-publish","hentry","post"],"_links":{"self":[{"href":"https:\/\/blaues-kreuz-pfalz.de\/index.php?rest_route=\/wp\/v2\/pages\/71","targetHints":{"allow":["GET"]}}],"collection":[{"href":"https:\/\/blaues-kreuz-pfalz.de\/index.php?rest_route=\/wp\/v2\/pages"}],"about":[{"href":"https:\/\/blaues-kreuz-pfalz.de\/index.php?rest_route=\/wp\/v2\/types\/page"}],"author":[{"embeddable":true,"href":"https:\/\/blaues-kreuz-pfalz.de\/index.php?rest_route=\/wp\/v2\/users\/1"}],"replies":[{"embeddable":true,"href":"https:\/\/blaues-kreuz-pfalz.de\/index.php?rest_route=%2Fwp%2Fv2%2Fcomments&post=71"}],"version-history":[{"count":7,"href":"https:\/\/blaues-kreuz-pfalz.de\/index.php?rest_route=\/wp\/v2\/pages\/71\/revisions"}],"predecessor-version":[{"id":897,"href":"https:\/\/blaues-kreuz-pfalz.de\/index.php?rest_route=\/wp\/v2\/pages\/71\/revisions\/897"}],"wp:attachment":[{"href":"https:\/\/blaues-kreuz-pfalz.de\/index.php?rest_route=%2Fwp%2Fv2%2Fmedia&parent=71"}],"curies":[{"name":"wp","href":"https:\/\/api.w.org\/{rel}","templated":true}]}}