{"id":634,"date":"2025-02-15T10:19:30","date_gmt":"2025-02-15T10:19:30","guid":{"rendered":"https:\/\/blaues-kreuz-pfalz.de\/?page_id=634"},"modified":"2025-02-15T10:19:30","modified_gmt":"2025-02-15T10:19:30","slug":"alkoholselbsthilfegruppe-blaues-kreuz-rhodt-hoert-nachueber-40-jahren-auf","status":"publish","type":"page","link":"https:\/\/blaues-kreuz-pfalz.de\/?page_id=634","title":{"rendered":"Alkoholselbsthilfegruppe Blaues Kreuz Rhodt h\u00f6rt nach\u00fcber 40 Jahren auf"},"content":{"rendered":"\n<p>\u201eBefreit leben lernen\u201c \u2013 unter diesem Motto versucht das Blaue Kreuz seit 1877 alkoholkranken Menschen und deren Angeh\u00f6rigen zu helfen. Die Gruppe wurde bereits 1976 von Karl-Heinz Graf in Edenkoben gegr\u00fcndet. Als Gerhard Blank diese 1984 \u00fcbernahm, wurde der Sitz nach Rhodt verlegt. Bis zu seinem Tod hat er die Gruppe aufopfernd und erfolgreich geleitet. Danach \u00fcbernahmen G\u00fcnter Entzminger, gefolgt von Joachim Lichti und Markus Stock die Verantwortung. Miteinander reden und sich austauschen, gemeinsam Zeit verbringen und feiern, sich gegenseitig zuh\u00f6ren und st\u00e4rken, das sind und waren die Grundz\u00fcge der Treffen in angenehmer und wertsch\u00e4tzender Atmosph\u00e4re. Trotz aller Anonymit\u00e4t war es f\u00fcr viele doch auch wichtig, Gesicht zu zeigen und damit auch zu zeigen, dass man dem Schicksal nicht hilflos ausgeliefert ist.<\/p>\n\n\n\n<p>Betroffene und Angeh\u00f6rige k\u00f6nnen sich auch weiterhin helfen und beraten lassen, z.B. bei den beiden unten genannten Institutionen in Landau.<\/p>\n\n\n\n<p>Wir bedanken uns bei allen, die die Gruppe \u00fcber die gesamten Jahren des Bestehens getragen und gef\u00f6rdert haben und f\u00fcr die segensreiche Arbeit, die geleistet wurde.<\/p>\n\n\n\n<p><a href=\"http:\/\/www.blaues-kreuz-landau.de\/\">www.blaues-kreuz-landau.de<\/a><\/p>\n\n\n\n<p><a href=\"http:\/\/www.diakonie-pfalz.de\/\">www.diakonie-pfalz.de<\/a><\/p>\n","protected":false},"excerpt":{"rendered":"<p>\u201eBefreit leben lernen\u201c \u2013 unter diesem Motto versucht das Blaue Kreuz seit 1877 alkoholkranken Menschen und deren Angeh\u00f6rigen zu helfen. Die Gruppe wurde bereits 1976 von Karl-Heinz Graf in Edenkoben gegr\u00fcndet. Als Gerhard Blank diese 1984 \u00fcbernahm, wurde der Sitz nach Rhodt verlegt. Bis zu seinem Tod hat er die Gruppe aufopfernd und erfolgreich geleitet. [&hellip;]<\/p>\n","protected":false},"author":1,"featured_media":0,"parent":0,"menu_order":0,"comment_status":"closed","ping_status":"closed","template":"","meta":{"footnotes":""},"class_list":["post-634","page","type-page","status-publish","hentry","post"],"_links":{"self":[{"href":"https:\/\/blaues-kreuz-pfalz.de\/index.php?rest_route=\/wp\/v2\/pages\/634","targetHints":{"allow":["GET"]}}],"collection":[{"href":"https:\/\/blaues-kreuz-pfalz.de\/index.php?rest_route=\/wp\/v2\/pages"}],"about":[{"href":"https:\/\/blaues-kreuz-pfalz.de\/index.php?rest_route=\/wp\/v2\/types\/page"}],"author":[{"embeddable":true,"href":"https:\/\/blaues-kreuz-pfalz.de\/index.php?rest_route=\/wp\/v2\/users\/1"}],"replies":[{"embeddable":true,"href":"https:\/\/blaues-kreuz-pfalz.de\/index.php?rest_route=%2Fwp%2Fv2%2Fcomments&post=634"}],"version-history":[{"count":1,"href":"https:\/\/blaues-kreuz-pfalz.de\/index.php?rest_route=\/wp\/v2\/pages\/634\/revisions"}],"predecessor-version":[{"id":635,"href":"https:\/\/blaues-kreuz-pfalz.de\/index.php?rest_route=\/wp\/v2\/pages\/634\/revisions\/635"}],"wp:attachment":[{"href":"https:\/\/blaues-kreuz-pfalz.de\/index.php?rest_route=%2Fwp%2Fv2%2Fmedia&parent=634"}],"curies":[{"name":"wp","href":"https:\/\/api.w.org\/{rel}","templated":true}]}}