{"id":58,"date":"2024-01-17T10:16:29","date_gmt":"2024-01-17T10:16:29","guid":{"rendered":"https:\/\/blaues-kreuz-pfalz.de\/?page_id=58"},"modified":"2026-01-26T18:18:09","modified_gmt":"2026-01-26T18:18:09","slug":"bk-kaiserslautern","status":"publish","type":"page","link":"https:\/\/blaues-kreuz-pfalz.de\/?page_id=58","title":{"rendered":"Blaues Kreuz Kaiserslautern e.V."},"content":{"rendered":"\n<figure class=\"wp-block-image size-full is-resized is-style-rounded\"><img loading=\"lazy\" decoding=\"async\" width=\"567\" height=\"888\" src=\"https:\/\/blaues-kreuz-pfalz.de\/wp-content\/uploads\/2024\/01\/Offene-Tuer.jpg\" alt=\"\" class=\"wp-image-151\" style=\"width:244px;height:auto\" srcset=\"https:\/\/blaues-kreuz-pfalz.de\/wp-content\/uploads\/2024\/01\/Offene-Tuer.jpg 567w, https:\/\/blaues-kreuz-pfalz.de\/wp-content\/uploads\/2024\/01\/Offene-Tuer-192x300.jpg 192w\" sizes=\"auto, (max-width: 567px) 100vw, 567px\" \/><\/figure>\n\n\n\n<p><strong>Unsere T\u00fcr ist immer offen,<\/strong><br><strong>wagen Sie den ersten Schritt.<\/strong><\/p>\n\n\n\n<p>Wir bieten Beratung, Infos und Hilfe bei Suchtproblemen f\u00fcr Betroffene, Angeh\u00f6rige und Interessierte<\/p>\n\n\n\n<p><strong>Blaues Kreuz Kaiserslautern e.V.<\/strong><br><strong>67655 Kaiserslautern &#8211; Pirmasenser Stra\u00dfe 82<\/strong><br><strong>Tel.: 0151 28730033<\/strong> (nach 16.00 Uhr)<\/p>\n\n\n\n<p><a href=\"mailto:diakonie.kl.sub@gmx.de\"><strong>e-mail:&nbsp;<\/strong><\/a><a href=\"mailto:KL@blaues-kreuz-pfalz.de\"><strong>KL@blaues-kreuz-pfalz.de<\/strong><\/a><\/p>\n\n\n\n<p><strong>Trau-Dich-Gruppe<\/strong><br><strong>Montag 19.15 Uhr \u2013 20.15 Uhr<\/strong><br>Pr\u00e4senz<\/p>\n\n\n\n<p><strong>Freundeskreis Blaues Kreuz<\/strong><br><strong>Mittwoch 19.30 \u2013 21.00 Uhr<\/strong><br>Ungerade Wochen: Zoom<br>(Link anfordern:&nbsp;KL@blaues-kreuz-pfalz.de)<\/p>\n\n\n\n<p><strong>Freundeskreis Blaues Kreuz<\/strong><br><strong>Mittwoch 19.30 \u2013 21.00 Uhr<\/strong><br>Gerade Wochen: Pr\u00e4senz<\/p>\n\n\n\n<p><strong>Freundeskreis Blaues Kreuz<\/strong><br><strong>Freitag 19.00 \u2013 20.30 Uhr<\/strong><br>Pr\u00e4senz<\/p>\n\n\n\n<p><strong>Die Pr\u00e4senzgruppen finden in den Gruppenr\u00e4umen des Diakonischen Werkes <br>in der Pirmasenser Str. 82 statt.<\/strong><\/p>\n\n\n\n<figure class=\"wp-block-table is-style-regular\"><table><tbody><tr><td>Weitere Blau Kreuz Gruppen finden Sie in:<br>Kusel:\u00a0Do. 19.30 Uhr in der Schwebelstra\u00dfe 5<br>Lauterecken:\u00a0Fr. 18.30 Uhr in der Hauptstra\u00dfe 15<\/td><\/tr><\/tbody><\/table><\/figure>\n","protected":false},"excerpt":{"rendered":"<p>Unsere T\u00fcr ist immer offen,wagen Sie den ersten Schritt. Wir bieten Beratung, Infos und Hilfe bei Suchtproblemen f\u00fcr Betroffene, Angeh\u00f6rige und Interessierte Blaues Kreuz Kaiserslautern e.V.67655 Kaiserslautern &#8211; Pirmasenser Stra\u00dfe 82Tel.: 0151 28730033 (nach 16.00 Uhr) e-mail:&nbsp;KL@blaues-kreuz-pfalz.de Trau-Dich-GruppeMontag 19.15 Uhr \u2013 20.15 UhrPr\u00e4senz Freundeskreis Blaues KreuzMittwoch 19.30 \u2013 21.00 UhrUngerade Wochen: Zoom(Link anfordern:&nbsp;KL@blaues-kreuz-pfalz.de) Freundeskreis Blaues [&hellip;]<\/p>\n","protected":false},"author":1,"featured_media":0,"parent":33,"menu_order":0,"comment_status":"closed","ping_status":"closed","template":"","meta":{"footnotes":""},"class_list":["post-58","page","type-page","status-publish","hentry","post"],"_links":{"self":[{"href":"https:\/\/blaues-kreuz-pfalz.de\/index.php?rest_route=\/wp\/v2\/pages\/58","targetHints":{"allow":["GET"]}}],"collection":[{"href":"https:\/\/blaues-kreuz-pfalz.de\/index.php?rest_route=\/wp\/v2\/pages"}],"about":[{"href":"https:\/\/blaues-kreuz-pfalz.de\/index.php?rest_route=\/wp\/v2\/types\/page"}],"author":[{"embeddable":true,"href":"https:\/\/blaues-kreuz-pfalz.de\/index.php?rest_route=\/wp\/v2\/users\/1"}],"replies":[{"embeddable":true,"href":"https:\/\/blaues-kreuz-pfalz.de\/index.php?rest_route=%2Fwp%2Fv2%2Fcomments&post=58"}],"version-history":[{"count":14,"href":"https:\/\/blaues-kreuz-pfalz.de\/index.php?rest_route=\/wp\/v2\/pages\/58\/revisions"}],"predecessor-version":[{"id":906,"href":"https:\/\/blaues-kreuz-pfalz.de\/index.php?rest_route=\/wp\/v2\/pages\/58\/revisions\/906"}],"up":[{"embeddable":true,"href":"https:\/\/blaues-kreuz-pfalz.de\/index.php?rest_route=\/wp\/v2\/pages\/33"}],"wp:attachment":[{"href":"https:\/\/blaues-kreuz-pfalz.de\/index.php?rest_route=%2Fwp%2Fv2%2Fmedia&parent=58"}],"curies":[{"name":"wp","href":"https:\/\/api.w.org\/{rel}","templated":true}]}}