{"id":511,"date":"2024-09-13T07:14:47","date_gmt":"2024-09-13T07:14:47","guid":{"rendered":"https:\/\/blaues-kreuz-pfalz.de\/?page_id=511"},"modified":"2024-09-13T07:14:48","modified_gmt":"2024-09-13T07:14:48","slug":"grindelwald-22-29-juni-2024","status":"publish","type":"page","link":"https:\/\/blaues-kreuz-pfalz.de\/?page_id=511","title":{"rendered":"Grindelwald 22. \u2013 29. Juni 2024"},"content":{"rendered":"\n<p><\/p>\n\n\n\n<p>Vorfreude, Vorfreude\u2026\u2026\u2026<\/p>\n\n\n\n<p>Und dann kam alles anders. Die 34. Wanderfreizeit Grindelwald stand unter einem sonderbaren Stern. Leider mussten kurz bevor es losging Martin und Elke und auch Ulrich krankheitsbedingt absagen. Schade, schade, schade. Und so konnte es nicht anders sein, als dass der Himmel weinte vom Start in der Pfalz bis wir an der Unteren Lauchb\u00fchl ankamen. Und mit Schreck mussten wir feststellen, dass trotz Juni am Anreisetag gef\u00fchlte Minusgrade herrschten. Und die Berge waren auch weg.<\/p>\n\n\n\n<p>ABER: Wir w\u00e4ren nicht wir, wenn uns das etwas ausgemacht h\u00e4tte. Schon beim Fr\u00fchst\u00fcck am n\u00e4chsten Morgen war unsere kleine Runde mit neuen netten Menschen eine tolle Truppe. Wir lernten uns schnell kennen und es entstand recht schnell eine harmonische Stimmung.&nbsp;<\/p>\n\n\n\n<p>Da war John-Boy, der uns oft zum Lachen brachte und sich selbst auch. Neu dazu kamen auch Wolfgang und Gaby und es war, als w\u00e4ren sie schon immer dabei gewesen. Und so sch\u00f6n, dass Ingrid mal wieder dabei war. Dieses Jahr durften wir mit Susann ihrem Geburtstag feiern, wie sch\u00f6n war das denn\u2026\u2026\u2026.. Und Arnold hat sich doch tats\u00e4chlich eine private Krankenschwester und eine Solo-S\u00e4ngerin gebucht, Cleverle. Der in sich ruhende Fr\u00e4nzi ist marschiert wie ein Uhrwerk und hat dabei die M\u00e4dels im M\u00e4rchenwald vergessen. Kann ja mal passieren. Eben diese M\u00e4dels, Anja und B\u00e4rbel, Verfasserinnen dieses Berichtes, haben nat\u00fcrlich auch ihren Teil dazu beigetragen, dass die gemeinsame Woche voller Spa\u00df und Freude war. Jeden Morgen gab es ein Lied von B\u00e4rbel zum Einstimmen in den Tag. Und weil es so sch\u00f6n war, manchmal abends auch. Gemeinsam singen wir den \u201eH\u00fchnerhof\u201c. Anjas Kartenspiel mit den Hornochsen hat uns Bauchmuskeln kennenlernen lassen, von denen wir nicht wussten, dass wir sie haben. Es gibt nichts Sch\u00f6neres als so befreit lachen zu k\u00f6nnen. Und das allerbeste ist: IHR K\u00d6NNT NIX DAF\u00dcR !!&nbsp;&nbsp;&nbsp;&nbsp;&nbsp;&nbsp;&nbsp;&nbsp;&nbsp;&nbsp;&nbsp;&nbsp;&nbsp;&nbsp;&nbsp;&nbsp;&nbsp;&nbsp;&nbsp;&nbsp;&nbsp;&nbsp;&nbsp;&nbsp;&nbsp;&nbsp;&nbsp;&nbsp;&nbsp;&nbsp;&nbsp;&nbsp;&nbsp;&nbsp;&nbsp;&nbsp;&nbsp;&nbsp;&nbsp;&nbsp;&nbsp;&nbsp;&nbsp;&nbsp;&nbsp;&nbsp;&nbsp;&nbsp;&nbsp;&nbsp;&nbsp;&nbsp;&nbsp;&nbsp;&nbsp;&nbsp;&nbsp;&nbsp;&nbsp;&nbsp;&nbsp;&nbsp;&nbsp;&nbsp;&nbsp;&nbsp;&nbsp;&nbsp;&nbsp;&nbsp;&nbsp;&nbsp;&nbsp;&nbsp;&nbsp;&nbsp;&nbsp;&nbsp;&nbsp;&nbsp;&nbsp;&nbsp;&nbsp;&nbsp;&nbsp;&nbsp;&nbsp;&nbsp;&nbsp;&nbsp;&nbsp;&nbsp;&nbsp;&nbsp;&nbsp;&nbsp;&nbsp;&nbsp;&nbsp;&nbsp;&nbsp;&nbsp;&nbsp;&nbsp;&nbsp;&nbsp;&nbsp;&nbsp;&nbsp;&nbsp;&nbsp;&nbsp;&nbsp;&nbsp;&nbsp;&nbsp;&nbsp;&nbsp;&nbsp;&nbsp;&nbsp;&nbsp;&nbsp;&nbsp;&nbsp;&nbsp;&nbsp;&nbsp;&nbsp;&nbsp;&nbsp;&nbsp;&nbsp;&nbsp;&nbsp;&nbsp;&nbsp;&nbsp;&nbsp;&nbsp;&nbsp;&nbsp;&nbsp;&nbsp;&nbsp;&nbsp;&nbsp;&nbsp;&nbsp;&nbsp;&nbsp;&nbsp;&nbsp;&nbsp;&nbsp;&nbsp;So, jetzt fehlen noch unsere beiden Teamleader. Sie haben spontan, immer dem Wetter entsprechend, Touren vorgeschlagen und mit uns gemeinsam umgesetzt. Wir sind durch wilde Blumenwiesen gelaufen, haben viel Schnee auf den Bergen gesehen und die besondere Schweizer Bergluft genossen. Die Schweiz im Juni ist toll. Die beiden haben sich um ALLES gek\u00fcmmert, damit&nbsp;<\/p>\n\n\n\n<p>unsere Woche sch\u00f6n und unvergessen bleibt. Und das alles ohne Aufregung und Hektik. Wir w\u00e4ren gerne noch l\u00e4nger geblieben. DANKE Reiner und Ute, das war wirklich toll.<\/p>\n\n\n\n<p>Das ehrenamtliche Team der Lauchb\u00fchl war der Knaller. Mit allem wurden wir verw\u00f6hnt, wirklich mit allem. Tolles Essen, Wadenmassage, gute Laune, f\u00fcr alles ein offenes Ohr, jeder Wunsch wurde erf\u00fcllt. Wir haben so gut zusammengepasst, dass wir uns \u00fcberraschender Weise gegenseitig zum Abschied ein Lied gesungen haben.<\/p>\n\n\n\n<p>Wir finden, dass die Gemeinschaft in diesem Jahr eine ganz Besondere war und somit den Abschied noch schwerer machte als sonst. Und dennoch hie\u00df es dann Ade, uf Wiederluege, bis n\u00e4chstes Jahr.<\/p>\n\n\n\n<p>PS: Wir h\u00e4tten gerne Gaby und Wolfgang bis zum Schluss dabeigehabt.<\/p>\n\n\n\n<p>PPS: Ach ja, Eiger, M\u00f6nch und Jungfrau waren noch da, wie immer halt.<\/p>\n\n\n\n<p>&nbsp;&nbsp;&nbsp;&nbsp;&nbsp;&nbsp;&nbsp;&nbsp;&nbsp;&nbsp;&nbsp;&nbsp;&nbsp;&nbsp;&nbsp;&nbsp;&nbsp;&nbsp;&nbsp;&nbsp;&nbsp;&nbsp;&nbsp;&nbsp;&nbsp;&nbsp;&nbsp;&nbsp;&nbsp;&nbsp;&nbsp;&nbsp;&nbsp;&nbsp;&nbsp;&nbsp;&nbsp;&nbsp;&nbsp;&nbsp;&nbsp;&nbsp;&nbsp;&nbsp;&nbsp;&nbsp;&nbsp;&nbsp;&nbsp;&nbsp;&nbsp;&nbsp;&nbsp;&nbsp;&nbsp;&nbsp;&nbsp;&nbsp;&nbsp;&nbsp;&nbsp;&nbsp;&nbsp;&nbsp;&nbsp;&nbsp;&nbsp;&nbsp;&nbsp;&nbsp;&nbsp;&nbsp;&nbsp;&nbsp;&nbsp;&nbsp;&nbsp;&nbsp;&nbsp;&nbsp;&nbsp;&nbsp;&nbsp;&nbsp;&nbsp;&nbsp;&nbsp;&nbsp;&nbsp;&nbsp;&nbsp;&nbsp;&nbsp;&nbsp;&nbsp;&nbsp;&nbsp;&nbsp;&nbsp;&nbsp;&nbsp;&nbsp;&nbsp;&nbsp;&nbsp;&nbsp;&nbsp;&nbsp;&nbsp;&nbsp;Anja und B\u00e4rbel<\/p>\n\n\n\n<figure class=\"wp-block-gallery has-nested-images columns-default is-cropped wp-block-gallery-1 is-layout-flex wp-block-gallery-is-layout-flex\">\n<figure class=\"wp-block-image size-large\"><img loading=\"lazy\" decoding=\"async\" width=\"766\" height=\"1024\" data-id=\"518\" src=\"https:\/\/blaues-kreuz-pfalz.de\/wp-content\/uploads\/2024\/09\/IMG_20240628_102400-766x1024.jpg\" alt=\"\" class=\"wp-image-518\" srcset=\"https:\/\/blaues-kreuz-pfalz.de\/wp-content\/uploads\/2024\/09\/IMG_20240628_102400-766x1024.jpg 766w, https:\/\/blaues-kreuz-pfalz.de\/wp-content\/uploads\/2024\/09\/IMG_20240628_102400-224x300.jpg 224w, https:\/\/blaues-kreuz-pfalz.de\/wp-content\/uploads\/2024\/09\/IMG_20240628_102400-768x1026.jpg 768w, https:\/\/blaues-kreuz-pfalz.de\/wp-content\/uploads\/2024\/09\/IMG_20240628_102400-1149x1536.jpg 1149w, https:\/\/blaues-kreuz-pfalz.de\/wp-content\/uploads\/2024\/09\/IMG_20240628_102400-1532x2048.jpg 1532w, https:\/\/blaues-kreuz-pfalz.de\/wp-content\/uploads\/2024\/09\/IMG_20240628_102400-scaled.jpg 1916w\" sizes=\"auto, (max-width: 766px) 100vw, 766px\" \/><\/figure>\n\n\n\n<figure class=\"wp-block-image size-large\"><img loading=\"lazy\" decoding=\"async\" width=\"768\" height=\"1024\" data-id=\"516\" src=\"https:\/\/blaues-kreuz-pfalz.de\/wp-content\/uploads\/2024\/09\/IMG-20240624-WA0017-768x1024.jpg\" alt=\"\" class=\"wp-image-516\" srcset=\"https:\/\/blaues-kreuz-pfalz.de\/wp-content\/uploads\/2024\/09\/IMG-20240624-WA0017-768x1024.jpg 768w, https:\/\/blaues-kreuz-pfalz.de\/wp-content\/uploads\/2024\/09\/IMG-20240624-WA0017-225x300.jpg 225w, https:\/\/blaues-kreuz-pfalz.de\/wp-content\/uploads\/2024\/09\/IMG-20240624-WA0017-1152x1536.jpg 1152w, https:\/\/blaues-kreuz-pfalz.de\/wp-content\/uploads\/2024\/09\/IMG-20240624-WA0017-1536x2048.jpg 1536w, https:\/\/blaues-kreuz-pfalz.de\/wp-content\/uploads\/2024\/09\/IMG-20240624-WA0017-scaled.jpg 1920w\" sizes=\"auto, (max-width: 768px) 100vw, 768px\" \/><\/figure>\n\n\n\n<figure class=\"wp-block-image size-large\"><img loading=\"lazy\" decoding=\"async\" width=\"768\" height=\"1024\" data-id=\"517\" src=\"https:\/\/blaues-kreuz-pfalz.de\/wp-content\/uploads\/2024\/09\/IMG-20240627-WA0029-768x1024.jpg\" alt=\"\" class=\"wp-image-517\" srcset=\"https:\/\/blaues-kreuz-pfalz.de\/wp-content\/uploads\/2024\/09\/IMG-20240627-WA0029-768x1024.jpg 768w, https:\/\/blaues-kreuz-pfalz.de\/wp-content\/uploads\/2024\/09\/IMG-20240627-WA0029-225x300.jpg 225w, https:\/\/blaues-kreuz-pfalz.de\/wp-content\/uploads\/2024\/09\/IMG-20240627-WA0029-1152x1536.jpg 1152w, https:\/\/blaues-kreuz-pfalz.de\/wp-content\/uploads\/2024\/09\/IMG-20240627-WA0029-1536x2048.jpg 1536w, https:\/\/blaues-kreuz-pfalz.de\/wp-content\/uploads\/2024\/09\/IMG-20240627-WA0029.jpg 1633w\" sizes=\"auto, (max-width: 768px) 100vw, 768px\" \/><\/figure>\n\n\n\n<figure class=\"wp-block-image size-large\"><img loading=\"lazy\" decoding=\"async\" width=\"897\" height=\"1024\" data-id=\"513\" src=\"https:\/\/blaues-kreuz-pfalz.de\/wp-content\/uploads\/2024\/09\/IMG-20240627-WA0041-897x1024.jpg\" alt=\"\" class=\"wp-image-513\" srcset=\"https:\/\/blaues-kreuz-pfalz.de\/wp-content\/uploads\/2024\/09\/IMG-20240627-WA0041-897x1024.jpg 897w, https:\/\/blaues-kreuz-pfalz.de\/wp-content\/uploads\/2024\/09\/IMG-20240627-WA0041-263x300.jpg 263w, https:\/\/blaues-kreuz-pfalz.de\/wp-content\/uploads\/2024\/09\/IMG-20240627-WA0041-768x877.jpg 768w, https:\/\/blaues-kreuz-pfalz.de\/wp-content\/uploads\/2024\/09\/IMG-20240627-WA0041-1346x1536.jpg 1346w, https:\/\/blaues-kreuz-pfalz.de\/wp-content\/uploads\/2024\/09\/IMG-20240627-WA0041-1794x2048.jpg 1794w, https:\/\/blaues-kreuz-pfalz.de\/wp-content\/uploads\/2024\/09\/IMG-20240627-WA0041.jpg 1908w\" sizes=\"auto, (max-width: 897px) 100vw, 897px\" \/><\/figure>\n\n\n\n<figure class=\"wp-block-image size-large\"><img loading=\"lazy\" decoding=\"async\" width=\"1024\" height=\"461\" data-id=\"514\" src=\"https:\/\/blaues-kreuz-pfalz.de\/wp-content\/uploads\/2024\/09\/IMG-20240627-WA0049-1-1024x461.jpg\" alt=\"\" class=\"wp-image-514\" srcset=\"https:\/\/blaues-kreuz-pfalz.de\/wp-content\/uploads\/2024\/09\/IMG-20240627-WA0049-1-1024x461.jpg 1024w, https:\/\/blaues-kreuz-pfalz.de\/wp-content\/uploads\/2024\/09\/IMG-20240627-WA0049-1-300x135.jpg 300w, https:\/\/blaues-kreuz-pfalz.de\/wp-content\/uploads\/2024\/09\/IMG-20240627-WA0049-1-768x346.jpg 768w, https:\/\/blaues-kreuz-pfalz.de\/wp-content\/uploads\/2024\/09\/IMG-20240627-WA0049-1-1536x692.jpg 1536w, https:\/\/blaues-kreuz-pfalz.de\/wp-content\/uploads\/2024\/09\/IMG-20240627-WA0049-1-2048x923.jpg 2048w\" sizes=\"auto, (max-width: 1024px) 100vw, 1024px\" \/><\/figure>\n\n\n\n<figure class=\"wp-block-image size-large\"><img loading=\"lazy\" decoding=\"async\" width=\"1024\" height=\"461\" data-id=\"515\" src=\"https:\/\/blaues-kreuz-pfalz.de\/wp-content\/uploads\/2024\/09\/IMG-20240628-WA0041-1024x461.jpg\" alt=\"\" class=\"wp-image-515\" srcset=\"https:\/\/blaues-kreuz-pfalz.de\/wp-content\/uploads\/2024\/09\/IMG-20240628-WA0041-1024x461.jpg 1024w, https:\/\/blaues-kreuz-pfalz.de\/wp-content\/uploads\/2024\/09\/IMG-20240628-WA0041-300x135.jpg 300w, https:\/\/blaues-kreuz-pfalz.de\/wp-content\/uploads\/2024\/09\/IMG-20240628-WA0041-768x346.jpg 768w, https:\/\/blaues-kreuz-pfalz.de\/wp-content\/uploads\/2024\/09\/IMG-20240628-WA0041-1536x692.jpg 1536w, https:\/\/blaues-kreuz-pfalz.de\/wp-content\/uploads\/2024\/09\/IMG-20240628-WA0041-2048x923.jpg 2048w\" sizes=\"auto, (max-width: 1024px) 100vw, 1024px\" \/><\/figure>\n\n\n\n<figure class=\"wp-block-image size-large\"><img loading=\"lazy\" decoding=\"async\" width=\"1024\" height=\"461\" data-id=\"519\" src=\"https:\/\/blaues-kreuz-pfalz.de\/wp-content\/uploads\/2024\/09\/IMG-20240628-WA0047-1024x461.jpg\" alt=\"\" class=\"wp-image-519\" srcset=\"https:\/\/blaues-kreuz-pfalz.de\/wp-content\/uploads\/2024\/09\/IMG-20240628-WA0047-1024x461.jpg 1024w, https:\/\/blaues-kreuz-pfalz.de\/wp-content\/uploads\/2024\/09\/IMG-20240628-WA0047-300x135.jpg 300w, https:\/\/blaues-kreuz-pfalz.de\/wp-content\/uploads\/2024\/09\/IMG-20240628-WA0047-768x346.jpg 768w, https:\/\/blaues-kreuz-pfalz.de\/wp-content\/uploads\/2024\/09\/IMG-20240628-WA0047-1536x692.jpg 1536w, https:\/\/blaues-kreuz-pfalz.de\/wp-content\/uploads\/2024\/09\/IMG-20240628-WA0047-2048x923.jpg 2048w\" sizes=\"auto, (max-width: 1024px) 100vw, 1024px\" \/><\/figure>\n<\/figure>\n","protected":false},"excerpt":{"rendered":"<p>Vorfreude, Vorfreude\u2026\u2026\u2026 Und dann kam alles anders. Die 34. Wanderfreizeit Grindelwald stand unter einem sonderbaren Stern. Leider mussten kurz bevor es losging Martin und Elke und auch Ulrich krankheitsbedingt absagen. Schade, schade, schade. Und so konnte es nicht anders sein, als dass der Himmel weinte vom Start in der Pfalz bis wir an der Unteren [&hellip;]<\/p>\n","protected":false},"author":1,"featured_media":512,"parent":0,"menu_order":0,"comment_status":"closed","ping_status":"closed","template":"","meta":{"footnotes":""},"class_list":["post-511","page","type-page","status-publish","has-post-thumbnail","hentry","post","post-with-thumbnail","post-with-thumbnail-large"],"_links":{"self":[{"href":"https:\/\/blaues-kreuz-pfalz.de\/index.php?rest_route=\/wp\/v2\/pages\/511","targetHints":{"allow":["GET"]}}],"collection":[{"href":"https:\/\/blaues-kreuz-pfalz.de\/index.php?rest_route=\/wp\/v2\/pages"}],"about":[{"href":"https:\/\/blaues-kreuz-pfalz.de\/index.php?rest_route=\/wp\/v2\/types\/page"}],"author":[{"embeddable":true,"href":"https:\/\/blaues-kreuz-pfalz.de\/index.php?rest_route=\/wp\/v2\/users\/1"}],"replies":[{"embeddable":true,"href":"https:\/\/blaues-kreuz-pfalz.de\/index.php?rest_route=%2Fwp%2Fv2%2Fcomments&post=511"}],"version-history":[{"count":1,"href":"https:\/\/blaues-kreuz-pfalz.de\/index.php?rest_route=\/wp\/v2\/pages\/511\/revisions"}],"predecessor-version":[{"id":520,"href":"https:\/\/blaues-kreuz-pfalz.de\/index.php?rest_route=\/wp\/v2\/pages\/511\/revisions\/520"}],"wp:featuredmedia":[{"embeddable":true,"href":"https:\/\/blaues-kreuz-pfalz.de\/index.php?rest_route=\/wp\/v2\/media\/512"}],"wp:attachment":[{"href":"https:\/\/blaues-kreuz-pfalz.de\/index.php?rest_route=%2Fwp%2Fv2%2Fmedia&parent=511"}],"curies":[{"name":"wp","href":"https:\/\/api.w.org\/{rel}","templated":true}]}}