{"id":5,"date":"2024-01-16T16:38:23","date_gmt":"2024-01-16T16:38:23","guid":{"rendered":"https:\/\/blaues-kreuz-pfalz.de\/?page_id=5"},"modified":"2026-01-14T14:13:25","modified_gmt":"2026-01-14T14:13:25","slug":"willkommen-auf-https-blaues-kreuz-pfalz-de","status":"publish","type":"page","link":"https:\/\/blaues-kreuz-pfalz.de\/","title":{"rendered":"Willkommen beim Blauen Kreuz in der Pfalz"},"content":{"rendered":"\n<p><strong>Das Blaue Kreuz ist eine Gemeinschaft von Menschen, die alkoholabstinent leben. Durch Gruppenarbeit, Informationsveranstaltungen, Angebote gemeinsamer Freizeitgestaltung und der Zusammenarbeit ambulanter und station\u00e4rer Einrichtungen bietet es einen Lebensraum im Verst\u00e4ndnis christlicher Gemeinschaft.<\/strong><\/p>\n\n\n\n<p><strong>Im Sinne von Hilfe zur Selbsthilfe sehen die Mitglieder Ihre Aufgabe darin, miteinander eine tragf\u00e4hige Gemeinschaft zu bilden, um Betroffenen und deren Angeh\u00f6rigen ein Leben in zufriedener Abstinenz zu erm\u00f6glichen. Sie verstehen sich als Ansprechpartner f\u00fcr alle, die Hilfe suchen.<\/strong><\/p>\n\n\n\n<figure class=\"wp-block-embed is-type-video is-provider-youtube wp-block-embed-youtube wp-embed-aspect-16-9 wp-has-aspect-ratio\"><div class=\"wp-block-embed__wrapper\">\n<iframe loading=\"lazy\" title=\"Blaues Kreuz Pfalz\" width=\"720\" height=\"405\" src=\"https:\/\/www.youtube.com\/embed\/bM2BzzfPs4Q?feature=oembed\" frameborder=\"0\" allow=\"accelerometer; autoplay; clipboard-write; encrypted-media; gyroscope; picture-in-picture; web-share\" referrerpolicy=\"strict-origin-when-cross-origin\" allowfullscreen><\/iframe>\n<\/div><\/figure>\n","protected":false},"excerpt":{"rendered":"<p>Das Blaue Kreuz ist eine Gemeinschaft von Menschen, die alkoholabstinent leben. Durch Gruppenarbeit, Informationsveranstaltungen, Angebote gemeinsamer Freizeitgestaltung und der Zusammenarbeit ambulanter und station\u00e4rer Einrichtungen bietet es einen Lebensraum im Verst\u00e4ndnis christlicher Gemeinschaft. Im Sinne von Hilfe zur Selbsthilfe sehen die Mitglieder Ihre Aufgabe darin, miteinander eine tragf\u00e4hige Gemeinschaft zu bilden, um Betroffenen und deren Angeh\u00f6rigen [&hellip;]<\/p>\n","protected":false},"author":1,"featured_media":0,"parent":0,"menu_order":0,"comment_status":"closed","ping_status":"open","template":"","meta":{"footnotes":""},"class_list":["post-5","page","type-page","status-publish","hentry","post"],"_links":{"self":[{"href":"https:\/\/blaues-kreuz-pfalz.de\/index.php?rest_route=\/wp\/v2\/pages\/5","targetHints":{"allow":["GET"]}}],"collection":[{"href":"https:\/\/blaues-kreuz-pfalz.de\/index.php?rest_route=\/wp\/v2\/pages"}],"about":[{"href":"https:\/\/blaues-kreuz-pfalz.de\/index.php?rest_route=\/wp\/v2\/types\/page"}],"author":[{"embeddable":true,"href":"https:\/\/blaues-kreuz-pfalz.de\/index.php?rest_route=\/wp\/v2\/users\/1"}],"replies":[{"embeddable":true,"href":"https:\/\/blaues-kreuz-pfalz.de\/index.php?rest_route=%2Fwp%2Fv2%2Fcomments&post=5"}],"version-history":[{"count":3,"href":"https:\/\/blaues-kreuz-pfalz.de\/index.php?rest_route=\/wp\/v2\/pages\/5\/revisions"}],"predecessor-version":[{"id":902,"href":"https:\/\/blaues-kreuz-pfalz.de\/index.php?rest_route=\/wp\/v2\/pages\/5\/revisions\/902"}],"wp:attachment":[{"href":"https:\/\/blaues-kreuz-pfalz.de\/index.php?rest_route=%2Fwp%2Fv2%2Fmedia&parent=5"}],"curies":[{"name":"wp","href":"https:\/\/api.w.org\/{rel}","templated":true}]}}