{"id":402,"date":"2024-05-03T06:40:04","date_gmt":"2024-05-03T06:40:04","guid":{"rendered":"https:\/\/blaues-kreuz-pfalz.de\/?page_id=402"},"modified":"2024-05-03T07:03:07","modified_gmt":"2024-05-03T07:03:07","slug":"dak-gesundheit-unterstuetzt-die-blaue-huddel","status":"publish","type":"page","link":"https:\/\/blaues-kreuz-pfalz.de\/?page_id=402","title":{"rendered":"DAK-Gesundheit unterst\u00fctzt die &#8222;Blaue Huddel&#8220;"},"content":{"rendered":"\n<p>Landau, 02.05.2024. <\/p>\n\n\n\n<figure class=\"wp-block-image size-full\"><img loading=\"lazy\" decoding=\"async\" width=\"569\" height=\"663\" src=\"https:\/\/blaues-kreuz-pfalz.de\/wp-content\/uploads\/2024\/05\/grafik-1.png\" alt=\"\" class=\"wp-image-410\" srcset=\"https:\/\/blaues-kreuz-pfalz.de\/wp-content\/uploads\/2024\/05\/grafik-1.png 569w, https:\/\/blaues-kreuz-pfalz.de\/wp-content\/uploads\/2024\/05\/grafik-1-257x300.png 257w\" sizes=\"auto, (max-width: 569px) 100vw, 569px\" \/><\/figure>\n\n\n\n<p>Geldspritze f\u00fcr einen guten Zweck: Die DAK-Gesundheit in Landau unterst\u00fctzt die Arbeit der Selbsthilfegruppe Freundeskreis Blaues Kreuz in Landau mit 1350,00 Euro.<\/p>\n\n\n\n<p>Mit der F\u00f6rderung der Krankenkasse m\u00f6chte die Selbsthilfegruppe ihr erfolgreiches Projekt &#8222;Blaue Huddel&#8220; Pr\u00e4ventionsarbeit auf Weinfesten und in Schulen fortf\u00fchren.<\/p>\n\n\n\n<p> &#8222;Wir freuen uns sehr \u00fcber diese Unterst\u00fctzung und danken der  DAK-Gesundheit&#8220;, sagt Rainer Hehl vom Freundeskreis Blaues Kreuz Landau. <\/p>\n\n\n\n<p>Einer Studie zufolge sehen rund 90 Prozent der Deutschen Selbsthilfegruppen als sinnvolle Erg\u00e4nzung zur \u00e4rztlichen Behandlung. &#8222;Zum Gesundwerden und Gesundbleiben ist der Erfahrungsaustausch untereinander sehr wichtig&#8220;, sagt Melanie Foos, Chefin der DAK-Gesundheit in Landau. &#8222;F\u00fcr uns ist die F\u00f6rderung der gesundheitsbezogenen Selbsthilfe mehr als nur eine gesetzliche Aufgabe.&#8220; Gerade f\u00fcr Betroffene mit seltenen oder sehr langwierigen Erkrankungen sei es schwierig, verst\u00e4ndnisvolle Gespr\u00e4chspartner au\u00dferhalb der Familie zu finden. &#8222;Deshalb informieren unsere Kundenberater im Krankheitsfall \u00fcber regionale Angebote&#8220;, so Foos.<\/p>\n\n\n\n<p>Etwa 3,5 Millionen Menschen haben sich bundesweit in fast 100.000 Selbsthilfegruppen zusammengeschlossen. In vielen St\u00e4dten und Regionen gibt es Selbsthilfekontaktstellen, die einen \u00dcberblick \u00fcber die Angebote zu einzelnen Erkrankungen oder Behinderungen bieten. Bundesweit f\u00f6rdert die DAK-Gesundheit j\u00e4hrlich \u00fcber 5.000 \u00f6rtliche Selbsthilfegruppen. F\u00fcr diese ist bei konkreten Projektvorhaben das \u00f6rtliche Servicezentrum der richtige Ansprechpartner. Beim Wunsch nach pauschaler F\u00f6rderung ist hingegen der Verband der Ersatzkassen zust\u00e4ndig. Weitere Informationen gibt es unter <a href=\"http:\/\/www.dak.de\/selbsthilfe%3chttp:\/www.dak.de\/selbsthilfe\">www.dak.de\/selbsthilfe&lt;http:\/\/www.dak.de\/selbsthilfe<\/a><\/p>\n","protected":false},"excerpt":{"rendered":"<p>Landau, 02.05.2024. Geldspritze f\u00fcr einen guten Zweck: Die DAK-Gesundheit in Landau unterst\u00fctzt die Arbeit der Selbsthilfegruppe Freundeskreis Blaues Kreuz in Landau mit 1350,00 Euro. Mit der F\u00f6rderung der Krankenkasse m\u00f6chte die Selbsthilfegruppe ihr erfolgreiches Projekt &#8222;Blaue Huddel&#8220; Pr\u00e4ventionsarbeit auf Weinfesten und in Schulen fortf\u00fchren. &#8222;Wir freuen uns sehr \u00fcber diese Unterst\u00fctzung und danken der DAK-Gesundheit&#8220;, [&hellip;]<\/p>\n","protected":false},"author":1,"featured_media":0,"parent":0,"menu_order":0,"comment_status":"closed","ping_status":"closed","template":"","meta":{"footnotes":""},"class_list":["post-402","page","type-page","status-publish","hentry","post"],"_links":{"self":[{"href":"https:\/\/blaues-kreuz-pfalz.de\/index.php?rest_route=\/wp\/v2\/pages\/402","targetHints":{"allow":["GET"]}}],"collection":[{"href":"https:\/\/blaues-kreuz-pfalz.de\/index.php?rest_route=\/wp\/v2\/pages"}],"about":[{"href":"https:\/\/blaues-kreuz-pfalz.de\/index.php?rest_route=\/wp\/v2\/types\/page"}],"author":[{"embeddable":true,"href":"https:\/\/blaues-kreuz-pfalz.de\/index.php?rest_route=\/wp\/v2\/users\/1"}],"replies":[{"embeddable":true,"href":"https:\/\/blaues-kreuz-pfalz.de\/index.php?rest_route=%2Fwp%2Fv2%2Fcomments&post=402"}],"version-history":[{"count":2,"href":"https:\/\/blaues-kreuz-pfalz.de\/index.php?rest_route=\/wp\/v2\/pages\/402\/revisions"}],"predecessor-version":[{"id":411,"href":"https:\/\/blaues-kreuz-pfalz.de\/index.php?rest_route=\/wp\/v2\/pages\/402\/revisions\/411"}],"wp:attachment":[{"href":"https:\/\/blaues-kreuz-pfalz.de\/index.php?rest_route=%2Fwp%2Fv2%2Fmedia&parent=402"}],"curies":[{"name":"wp","href":"https:\/\/api.w.org\/{rel}","templated":true}]}}