{"id":347,"date":"2024-02-24T06:33:17","date_gmt":"2024-02-24T06:33:17","guid":{"rendered":"https:\/\/blaues-kreuz-pfalz.de\/?page_id=347"},"modified":"2024-03-24T15:37:26","modified_gmt":"2024-03-24T15:37:26","slug":"wir-helfen-suchtkranken-menschen-helfen-sie-uns","status":"publish","type":"page","link":"https:\/\/blaues-kreuz-pfalz.de\/?page_id=347","title":{"rendered":"Spenden"},"content":{"rendered":"\n<p><\/p>\n\n\n\n<div class=\"wp-block-group\"><div class=\"wp-block-group__inner-container is-layout-constrained wp-block-group-is-layout-constrained\">\n<h3><strong>Wir helfen suchtkranken Menschen. Helfen Sie uns!<\/strong><\/h3>\n<h3><strong>Als gemeinn\u00fctzige Organisation verf\u00fcgt das Blaue Kreuz nur \u00fcber sehr begrenzte finanzielle Mittel. <\/strong><\/h3>\n<h3><strong>Um dennoch Hilfe in ausreichendem Ma\u00dfe gew\u00e4hrleisten zu k\u00f6nnen, sind wir auf Ihre Unterst\u00fctzung angewiesen. <\/strong><\/h3>\n<h3><strong>Wenn Sie die Hilfe und die Aufkl\u00e4rungsarbeit des Blauen Kreuzes mit einer Spende unterst\u00fctzen m\u00f6chten, k\u00f6nnen Sie das leicht per \u00dcberweisung tun:<\/strong><\/h3>\n<h3><span style=\"color: #0000ff;\"><strong>Blaues Kreuz Landesverband Pfalz e. V.<\/strong><\/span><\/h3>\n\n\n\n<p><\/p>\n\n\n\n<h3 style=\"margin: 0cm;\"><span style=\"color: #0000ff;\"><strong>IBAN: DE54 5489 1300 0070 8093 03<\/strong><\/span><\/h3>\n\n\n\n<h3 style=\"margin: 0cm; text-align: left;\"><span style=\"color: #0000ff;\"><strong>BIC: GENODE61BZA<\/strong><\/span><\/h3>\n<h1><span style=\"color: #0000ff;\">DANKE!<\/span><\/h1>\n<p>\u00a0<\/p>\n<p><strong>Zuwendungsbest\u00e4tigung (Spendenquittung) <\/strong><\/p>\n<p>Ihre Zuwendung an das Blaues Kreuz Pfalz e. V. ist als Sonderausgabe steuerlich abzugsf\u00e4hig. Im Folgenden einige Informationen zu Ihrer Spendenquittung und wie Sie uns helfen k\u00f6nnen, ehrenamtlichen Verwaltungsaufwand zu sparen:<\/p>\n<ul>\n<li><strong>F\u00fcr Spenden und Mitgliedsbeitr\u00e4ge unter 300,- \u20ac *\u00a0<\/strong>ben\u00f6tigen Sie seit dem 1.1.2021 keine spezielle Bescheinigung, die Finanz\u00e4mter akzeptieren Ihren Bankbeleg als Quittung. Uns hilft dies Versand- und Verwaltungskosten zu sparen. \u00a0<\/li>\n<li><strong>F\u00fcr Spenden von 300,- \u20ac und dar\u00fcber<\/strong>\u00a0erhalten Sie, wenn Sie es w\u00fcnschen, eine Bescheinigung, sofern uns alle notwendigen Informationen wie Name und Adresse per E-Mail oder Brief \u00fcbermittelt wurden.\u00a0\u00a0<\/li>\n<\/ul>\n<p>Vielen Dank f\u00fcr Ihre Hilfe!<\/p>\n<p><em>Spenden und F\u00f6rdermitgliedsbeitr\u00e4ge sind Zuwendungen gem. \u00a7 10 des Einkommensteuergesetzes an inl\u00e4ndische juristische Personen des \u00f6ffentlichen Rechts oder \u00f6ffentliche Dienststellen. Sie werden zur F\u00f6rderung der satzungsgem\u00e4\u00dfen Zwecke des Blauen Kreuz Pfalz e.V. \u00a0(F\u00f6rderung <\/em>des \u00f6ffentlichen Gesundheitswesens<em>) im Sinne der Anlage 1 zu \u00a7 48 EStDV Abschnitt A Nr. 6 verwendet.\u00a0\u00a0\u00a0\u00a0<\/em><\/p>\n<p>*Die angegeben Betragsgrenze von 300 \u20ac gilt je get\u00e4tigter Einzelspende und nicht f\u00fcr die Summe der im Jahr geleisteten Spenden.<\/p>\n<p>\u00a0<\/p>\n<\/div><\/div>\n","protected":false},"excerpt":{"rendered":"<p>Wir helfen suchtkranken Menschen. Helfen Sie uns! Als gemeinn\u00fctzige Organisation verf\u00fcgt das Blaue Kreuz nur \u00fcber sehr begrenzte finanzielle Mittel. Um dennoch Hilfe in ausreichendem Ma\u00dfe gew\u00e4hrleisten zu k\u00f6nnen, sind wir auf Ihre Unterst\u00fctzung angewiesen. Wenn Sie die Hilfe und die Aufkl\u00e4rungsarbeit des Blauen Kreuzes mit einer Spende unterst\u00fctzen m\u00f6chten, k\u00f6nnen Sie das leicht per [&hellip;]<\/p>\n","protected":false},"author":1,"featured_media":0,"parent":0,"menu_order":0,"comment_status":"closed","ping_status":"closed","template":"","meta":{"footnotes":""},"class_list":["post-347","page","type-page","status-publish","hentry","post"],"_links":{"self":[{"href":"https:\/\/blaues-kreuz-pfalz.de\/index.php?rest_route=\/wp\/v2\/pages\/347","targetHints":{"allow":["GET"]}}],"collection":[{"href":"https:\/\/blaues-kreuz-pfalz.de\/index.php?rest_route=\/wp\/v2\/pages"}],"about":[{"href":"https:\/\/blaues-kreuz-pfalz.de\/index.php?rest_route=\/wp\/v2\/types\/page"}],"author":[{"embeddable":true,"href":"https:\/\/blaues-kreuz-pfalz.de\/index.php?rest_route=\/wp\/v2\/users\/1"}],"replies":[{"embeddable":true,"href":"https:\/\/blaues-kreuz-pfalz.de\/index.php?rest_route=%2Fwp%2Fv2%2Fcomments&post=347"}],"version-history":[{"count":5,"href":"https:\/\/blaues-kreuz-pfalz.de\/index.php?rest_route=\/wp\/v2\/pages\/347\/revisions"}],"predecessor-version":[{"id":373,"href":"https:\/\/blaues-kreuz-pfalz.de\/index.php?rest_route=\/wp\/v2\/pages\/347\/revisions\/373"}],"wp:attachment":[{"href":"https:\/\/blaues-kreuz-pfalz.de\/index.php?rest_route=%2Fwp%2Fv2%2Fmedia&parent=347"}],"curies":[{"name":"wp","href":"https:\/\/api.w.org\/{rel}","templated":true}]}}