{"id":102,"date":"2024-01-17T12:42:38","date_gmt":"2024-01-17T12:42:38","guid":{"rendered":"https:\/\/blaues-kreuz-pfalz.de\/?page_id=102"},"modified":"2025-10-19T11:23:10","modified_gmt":"2025-10-19T11:23:10","slug":"datenschutz","status":"publish","type":"page","link":"https:\/\/blaues-kreuz-pfalz.de\/?page_id=102","title":{"rendered":"Datenschutz"},"content":{"rendered":"\n<p>Wir werden Ihre pers\u00f6nlichen Daten unter Beachtung der geltenden datenschutzrechtlichen Bestimmungen vertraulich behandeln. Ihre Daten werden von uns weder ver\u00f6ffentlicht noch an Dritte weitergegeben, es sei denn, Sie h\u00e4tten uns dazu ausdr\u00fccklich erm\u00e4chtigt.<\/p>\n\n\n\n<p>Erhebung und Speicherung personenbezogener Daten sowie Art und Zweck von deren Verwendung<\/p>\n\n\n\n<p>a) Beim Besuch der Website<\/p>\n\n\n\n<p>Beim Aufrufen unserer Website&nbsp;&nbsp;<strong>www.blaues-kreuz-pfalz.de<\/strong>&nbsp;&nbsp;werden durch den auf Ihrem Endger\u00e4t zum Einsatz kommenden Browser automatisch Informationen an den Server unserer Website gesendet. Diese Informationen werden tempor\u00e4r in einem sog. Logfile gespeichert. Folgende Informationen werden dabei ohne Ihr Zutun erfasst und bis zur automatisierten L\u00f6schung gespeichert:<\/p>\n\n\n\n<p>\u00b7&nbsp;&nbsp;&nbsp;&nbsp;&nbsp;&nbsp;&nbsp;IP-Adresse des anfragenden Rechners,<br>\u00b7&nbsp;&nbsp;&nbsp;&nbsp;&nbsp;&nbsp;&nbsp;Datum und Uhrzeit des Zugriffs,<br>\u00b7&nbsp;&nbsp;&nbsp;&nbsp;&nbsp;&nbsp;&nbsp;Name und URL der abgerufenen Datei,<br>\u00b7&nbsp;&nbsp;&nbsp;&nbsp;&nbsp;&nbsp;&nbsp;Website, von der aus der Zugriff erfolgt (Referrer-URL),<br>\u00b7&nbsp;&nbsp;&nbsp;&nbsp;&nbsp;&nbsp;&nbsp;verwendeter Browser und ggf. das Betriebssystem Ihres Rechners sowie der Name Ihres Access-Providers.<\/p>\n\n\n\n<p><strong><br><\/strong>Die genannten Daten werden durch uns zu folgenden Zwecken verarbeitet:<\/p>\n\n\n\n<p>\u00b7&nbsp;&nbsp;&nbsp;&nbsp;&nbsp;&nbsp;&nbsp;Gew\u00e4hrleistung eines reibungslosen Verbindungsaufbaus der Website,<br>\u00b7&nbsp;&nbsp;&nbsp;&nbsp;&nbsp;&nbsp;&nbsp;Gew\u00e4hrleistung einer komfortablen Nutzung unserer Website,<br>\u00b7&nbsp;&nbsp;&nbsp;&nbsp;&nbsp;&nbsp;&nbsp;Auswertung der Systemsicherheit und -stabilit\u00e4t sowie<br>\u00b7&nbsp;&nbsp;&nbsp;&nbsp;&nbsp;&nbsp;&nbsp;zu weiteren administrativen Zwecken.<\/p>\n\n\n\n<p>Die Rechtsgrundlage f\u00fcr die Datenverarbeitung ist Art. 6 Abs. 1 S. 1&nbsp;lit. f DSGVO. Unser berechtigtes Interesse folgt aus oben aufgelisteten Zwecken zur Datenerhebung. In keinem Fall verwenden wir die erhobenen Daten zu dem Zweck, R\u00fcckschl\u00fcsse auf Ihre Person zu ziehen.<br><br><\/p>\n\n\n\n<p><strong>Datenverwendung<br><\/strong>Wir erheben, speichern und verarbeiten die von Ihnen \u00fcbermittelten personenbezogenen Daten nur, soweit dies f\u00fcr die Abwicklung von Anfragen erforderlich ist. Wir werden Ihre personenbezogenen Daten nicht an Dritte weiterreichen, es sei denn, dass wir dazu in Folge zwingender gesetzlicher Vorschriften verpflichtet sind oder Sie zustimmen.<br><br><\/p>\n\n\n\n<p><strong>Einwilligung<br><\/strong>Mit der Eingabe Ihrer pers\u00f6nlichen Daten willigen Sie in die beschriebene Verarbeitung der Daten und deren Verwendung ein. Die Einwilligung kann mit Wirkung f\u00fcr die Zukunft jederzeit widerrufen werden.<br><br><\/p>\n\n\n\n<p><strong>Ihre Rechte<br><\/strong>Sie haben ein Auskunftsrecht \u00fcber Ihre hier gespeicherten personenbezogenen Daten. Au\u00dferdem haben Sie das Recht auf Berichtigung unrichtiger Daten sowie Sperrung und L\u00f6schung. Der Nutzung personenbezogener Daten zu Werbezwecken k\u00f6nnen Sie jederzeit widersprechen. Wir\u00a0\u00a0sind auf das Datengeheimnis gem\u00e4\u00df Bundesdatenschutzgesetz (BDSG) verpflichtet.<br><br>Wenn Sie Ihre oben beschriebenen Rechte wahrnehmen m\u00f6chten oder Fragen zum Datenschutz haben, schreiben Sie uns bitte eine E-Mail: <\/p>\n\n\n\n<p><a href=\"mailto:datenschutz@blaues-kreuz-pfalz.de\">datenschutz@blaues-kreuz-pfalz.de<\/a><br>\u00a0\u00a0<br>Soweit der Internetauftritt Links zu anderen Webseiten enth\u00e4lt, weisen wir darauf hin, dass wir auf die Gestaltung und die Inhalte dieser Webseiten keinen Einfluss haben und nicht kontrollieren k\u00f6nnen, wie deren Anbieter mit Ihren Informationen umgehen.<\/p>\n\n\n\n<p><strong>\u00c4nderung unserer Datenschutzbestimmungen<\/strong><\/p>\n\n\n\n<p>Wir behalten uns vor, diese Datenschutzerkl\u00e4rung anzupassen, damit sie stets den aktuellen rechtlichen Anforderungen entspricht oder um \u00c4nderungen unserer Leistungen in der Datenschutzerkl\u00e4rung umzusetzen, z.B. bei der Einf\u00fchrung neuer Services. F\u00fcr Ihren erneuten Besuch gilt dann die neue Datenschutzerkl\u00e4rung.<\/p>\n\n\n\n<p><em>Der Datenschutz wurde mit dem&nbsp;<\/em><a href=\"https:\/\/www.activemind.de\/datenschutz\/impressums-generator\/\"><em>Datenschutz-Generator der<\/em><em>&nbsp;<\/em><em>activeMind<\/em><em>&nbsp;<\/em><em>AG<\/em><\/a><em>&nbsp;<\/em><em>erstellt.<\/em><\/p>\n","protected":false},"excerpt":{"rendered":"<p>Wir werden Ihre pers\u00f6nlichen Daten unter Beachtung der geltenden datenschutzrechtlichen Bestimmungen vertraulich behandeln. Ihre Daten werden von uns weder ver\u00f6ffentlicht noch an Dritte weitergegeben, es sei denn, Sie h\u00e4tten uns dazu ausdr\u00fccklich erm\u00e4chtigt. Erhebung und Speicherung personenbezogener Daten sowie Art und Zweck von deren Verwendung a) Beim Besuch der Website Beim Aufrufen unserer Website&nbsp;&nbsp;www.blaues-kreuz-pfalz.de&nbsp;&nbsp;werden durch [&hellip;]<\/p>\n","protected":false},"author":1,"featured_media":0,"parent":0,"menu_order":0,"comment_status":"closed","ping_status":"closed","template":"","meta":{"footnotes":""},"class_list":["post-102","page","type-page","status-publish","hentry","post"],"_links":{"self":[{"href":"https:\/\/blaues-kreuz-pfalz.de\/index.php?rest_route=\/wp\/v2\/pages\/102","targetHints":{"allow":["GET"]}}],"collection":[{"href":"https:\/\/blaues-kreuz-pfalz.de\/index.php?rest_route=\/wp\/v2\/pages"}],"about":[{"href":"https:\/\/blaues-kreuz-pfalz.de\/index.php?rest_route=\/wp\/v2\/types\/page"}],"author":[{"embeddable":true,"href":"https:\/\/blaues-kreuz-pfalz.de\/index.php?rest_route=\/wp\/v2\/users\/1"}],"replies":[{"embeddable":true,"href":"https:\/\/blaues-kreuz-pfalz.de\/index.php?rest_route=%2Fwp%2Fv2%2Fcomments&post=102"}],"version-history":[{"count":2,"href":"https:\/\/blaues-kreuz-pfalz.de\/index.php?rest_route=\/wp\/v2\/pages\/102\/revisions"}],"predecessor-version":[{"id":848,"href":"https:\/\/blaues-kreuz-pfalz.de\/index.php?rest_route=\/wp\/v2\/pages\/102\/revisions\/848"}],"wp:attachment":[{"href":"https:\/\/blaues-kreuz-pfalz.de\/index.php?rest_route=%2Fwp%2Fv2%2Fmedia&parent=102"}],"curies":[{"name":"wp","href":"https:\/\/api.w.org\/{rel}","templated":true}]}}