{"id":100,"date":"2024-01-17T12:41:05","date_gmt":"2024-01-17T12:41:05","guid":{"rendered":"https:\/\/blaues-kreuz-pfalz.de\/?page_id=100"},"modified":"2025-10-19T11:22:03","modified_gmt":"2025-10-19T11:22:03","slug":"impressum","status":"publish","type":"page","link":"https:\/\/blaues-kreuz-pfalz.de\/?page_id=100","title":{"rendered":"Impressum"},"content":{"rendered":"\n<p>Anbieter&nbsp;i.S.d. Teledienstgesetzes\/Medienstaatsvertrages:<\/p>\n\n\n\n<p><strong><br>Blaues Kreuz Pfalz e. V.<\/strong><br><strong><strong>Karmeliterstr. 20<\/strong><br><strong>67346 Speyer<\/strong>\u00a0<\/strong><\/p>\n\n\n\n<p><strong>Gesch\u00e4ftsf\u00fchrung:<\/strong><strong><br><\/strong><a href=\"http:\/\/www.diakonie-pfalz.de\/\" target=\"_blank\" rel=\"noreferrer noopener\"><strong>Diakonisches Werk Pfalz e. V.<\/strong><\/a><strong><br><\/strong><strong>Referat 2.2<\/strong><strong><br><\/strong><strong>Karmeliterstr. 20<\/strong><strong><br><\/strong><strong>67346 Speyer<\/strong><strong>&nbsp;<\/strong><\/p>\n\n\n\n<p><strong><br>E-Mail:&nbsp;<\/strong><a href=\"mailto:info@blaues-kreuz-pfalz.de\"><strong>info@blaues-kreuz-pfalz.de<\/strong><\/a><strong><br>Internet:&nbsp;<\/strong><a href=\"http:\/\/www.blaues-kreuz-pfalz.de\/\" target=\"_blank\" rel=\"noreferrer noopener\"><strong>www.blaues-kreuz-pfalz.de<\/strong><\/a><br><br><strong>Vertretungsberechtigt:<\/strong><br>Martin Engelbert (Vereinsvorsitzender)<br>Rainer Hehl, Arnold Heller-Andor (stellvertretende Vorsitzende)<br>Registergericht: Amtsgericht Ludwigshafen am Rhein<br><br>Inhaltlicher Verantwortlicher gem\u00e4\u00df \u00a7 10 Absatz 3&nbsp;MDStV:&nbsp;<a href=\"mailto:info@blaues-kreuz-pfalz.de\" target=\"_blank\" rel=\"noreferrer noopener\">Martin Engelbert<\/a><br><br><strong>Haftungshinweis:<\/strong><br>Trotz sorgf\u00e4ltiger inhaltlicher Kontrolle \u00fcbernehmen wir keine Haftung f\u00fcr die Inhalte externer Links.<br>F\u00fcr den Inhalt der verlinkten Seiten sind ausschlie\u00dflich deren Betreiber verantwortlich.<\/p>\n\n\n\n<p><br>Wir freuen uns, dass Sie unsere Webseite besuchen.<\/p>\n","protected":false},"excerpt":{"rendered":"<p>Anbieter&nbsp;i.S.d. Teledienstgesetzes\/Medienstaatsvertrages: Blaues Kreuz Pfalz e. V.Karmeliterstr. 2067346 Speyer\u00a0 Gesch\u00e4ftsf\u00fchrung:Diakonisches Werk Pfalz e. V.Referat 2.2Karmeliterstr. 2067346 Speyer&nbsp; E-Mail:&nbsp;info@blaues-kreuz-pfalz.deInternet:&nbsp;www.blaues-kreuz-pfalz.de Vertretungsberechtigt:Martin Engelbert (Vereinsvorsitzender)Rainer Hehl, Arnold Heller-Andor (stellvertretende Vorsitzende)Registergericht: Amtsgericht Ludwigshafen am Rhein Inhaltlicher Verantwortlicher gem\u00e4\u00df \u00a7 10 Absatz 3&nbsp;MDStV:&nbsp;Martin Engelbert Haftungshinweis:Trotz sorgf\u00e4ltiger inhaltlicher Kontrolle \u00fcbernehmen wir keine Haftung f\u00fcr die Inhalte externer Links.F\u00fcr den Inhalt der verlinkten [&hellip;]<\/p>\n","protected":false},"author":1,"featured_media":0,"parent":0,"menu_order":0,"comment_status":"closed","ping_status":"closed","template":"","meta":{"footnotes":""},"class_list":["post-100","page","type-page","status-publish","hentry","post"],"_links":{"self":[{"href":"https:\/\/blaues-kreuz-pfalz.de\/index.php?rest_route=\/wp\/v2\/pages\/100","targetHints":{"allow":["GET"]}}],"collection":[{"href":"https:\/\/blaues-kreuz-pfalz.de\/index.php?rest_route=\/wp\/v2\/pages"}],"about":[{"href":"https:\/\/blaues-kreuz-pfalz.de\/index.php?rest_route=\/wp\/v2\/types\/page"}],"author":[{"embeddable":true,"href":"https:\/\/blaues-kreuz-pfalz.de\/index.php?rest_route=\/wp\/v2\/users\/1"}],"replies":[{"embeddable":true,"href":"https:\/\/blaues-kreuz-pfalz.de\/index.php?rest_route=%2Fwp%2Fv2%2Fcomments&post=100"}],"version-history":[{"count":5,"href":"https:\/\/blaues-kreuz-pfalz.de\/index.php?rest_route=\/wp\/v2\/pages\/100\/revisions"}],"predecessor-version":[{"id":847,"href":"https:\/\/blaues-kreuz-pfalz.de\/index.php?rest_route=\/wp\/v2\/pages\/100\/revisions\/847"}],"wp:attachment":[{"href":"https:\/\/blaues-kreuz-pfalz.de\/index.php?rest_route=%2Fwp%2Fv2%2Fmedia&parent=100"}],"curies":[{"name":"wp","href":"https:\/\/api.w.org\/{rel}","templated":true}]}}